{"id":3533,"date":"2024-05-24T14:10:44","date_gmt":"2024-05-24T12:10:44","guid":{"rendered":"https:\/\/w.fefriga.com\/normativa\/"},"modified":"2026-02-27T11:12:27","modified_gmt":"2026-02-27T09:12:27","slug":"normativa","status":"publish","type":"page","link":"https:\/\/fefriga.com\/es\/normativa\/","title":{"rendered":"Normativa"},"content":{"rendered":"<div id=\"tdi_1\" class=\"tdc-zone\"><div class=\"tdc_zone tdi_2  wpb_row td-pb-row\"  >\n<style scoped>\n\/* custom css - generated by TagDiv Composer *\/\n\n\/* custom css - generated by TagDiv Composer *\/\n.tdi_2{\r\n                    min-height: 0;\r\n                }\n<\/style><div id=\"tdi_3\" class=\"tdc-row stretch_row_1400 td-stretch-content\"><div class=\"vc_row tdi_4  wpb_row td-pb-row tdc-element-style\" >\n<style scoped>\n\/* custom css - generated by TagDiv Composer *\/\n\n\/* custom css - generated by TagDiv Composer *\/\n.tdi_4,\r\n                .tdi_4 .tdc-columns{\r\n                    min-height: 0;\r\n                }.tdi_4,\r\n\t\t\t\t.tdi_4 .tdc-columns{\r\n\t\t\t\t    display: block;\r\n\t\t\t\t}.tdi_4 .tdc-columns{\r\n\t\t\t\t    width: 100%;\r\n\t\t\t\t}.tdi_4:before,\r\n\t\t\t\t.tdi_4:after{\r\n\t\t\t\t    display: table;\r\n\t\t\t\t}@media (min-width: 768px) {\r\n\t                .tdi_4 {\r\n\t                    margin-left: -30px;\r\n\t                    margin-right: -30px;\r\n\t                }\r\n\t                .tdi_4 .tdc-row-video-background-error,\r\n\t                .tdi_4 > .vc_column,\r\n\t                .tdi_4 > .tdc-columns > .vc_column {\r\n\t                    padding-left: 30px;\r\n\t                    padding-right: 30px;\r\n\t                }\r\n                }\n\n\/* landscape *\/\n@media (min-width: 1019px) and (max-width: 1140px){\n@media (min-width: 768px) {\r\n\t                .tdi_4 {\r\n\t                    margin-left: -25px;\r\n\t                    margin-right: -25px;\r\n\t                }\r\n\t                .tdi_4 .tdc-row-video-background-error,\r\n\t                .tdi_4 > .vc_column,\r\n\t                .tdi_4 > .tdc-columns > .vc_column {\r\n\t                    padding-left: 25px;\r\n\t                    padding-right: 25px;\r\n\t                }\r\n                }\n}\n\n\/* portrait *\/\n@media (min-width: 768px) and (max-width: 1018px){\n@media (min-width: 768px) {\r\n\t                .tdi_4 {\r\n\t                    margin-left: -20px;\r\n\t                    margin-right: -20px;\r\n\t                }\r\n\t                .tdi_4 .tdc-row-video-background-error,\r\n\t                .tdi_4 > .vc_column,\r\n\t                .tdi_4 > .tdc-columns > .vc_column {\r\n\t                    padding-left: 20px;\r\n\t                    padding-right: 20px;\r\n\t                }\r\n                }\n}\n\/* inline tdc_css att - generated by TagDiv Composer *\/\n\n.tdi_4{\npadding-top:80px !important;\npadding-bottom:80px !important;\nposition:relative;\n}\n\n.tdi_4 .td_block_wrap{ text-align:left }\n\n\/* landscape *\/\n@media (min-width: 1019px) and (max-width: 1140px)\n{\n.tdi_4{\npadding-top:60px !important;\npadding-bottom:60px !important;\n}\n}\n\n\/* portrait *\/\n@media (min-width: 768px) and (max-width: 1018px)\n{\n.tdi_4{\npadding-top:40px !important;\npadding-bottom:40px !important;\n}\n}\n\n\/* phone *\/\n@media (max-width: 767px)\n{\n.tdi_4{\npadding-top:40px !important;\npadding-bottom:40px !important;\n}\n}\n\n<\/style>\n<div class=\"tdi_3_rand_style td-element-style\" ><style>\n\/* custom css - generated by TagDiv Composer *\/\n\n.tdi_3_rand_style{\nbackground-color:#ddf1f8 !important;\n}\n <\/style><\/div><div class=\"vc_column tdi_6  wpb_column vc_column_container tdc-column td-pb-span12\">\n<style scoped>\n\/* custom css - generated by TagDiv Composer *\/\n\n\/* custom css - generated by TagDiv Composer *\/\n.tdi_6{\r\n                    vertical-align: baseline;\r\n                }.tdi_6 > .wpb_wrapper,\r\n\t\t\t\t.tdi_6 > .wpb_wrapper > .tdc-elements{\r\n\t\t\t\t    display: block;\r\n\t\t\t\t}.tdi_6 > .wpb_wrapper > .tdc-elements{\r\n\t\t\t\t    width: 100%;\r\n\t\t\t\t}.tdi_6 > .wpb_wrapper > .vc_row_inner{\r\n\t\t\t\t    width: auto;\r\n\t\t\t\t}.tdi_6 > .wpb_wrapper{\r\n\t\t\t\t    width: auto;\r\n\t\t\t\t    height: auto;\r\n\t\t\t\t}\n<\/style><div class=\"wpb_wrapper\" ><div class=\"tdm_block td_block_wrap tdm_block_column_title tdi_7 tdm-content-horiz-left td-pb-border-top td_block_template_1\"  data-td-block-uid=\"tdi_7\" >\n<style>\n\n\/* inline tdc_css att - generated by TagDiv Composer *\/\n\n.tdi_7{\nmargin-bottom:0px !important;\n}\n\n<\/style>\n<style>\n\/* custom css - generated by TagDiv Composer *\/\n.tdm_block_column_title{\r\n                  margin-bottom: 0;\r\n                  display: inline-block;\r\n                  width: 100%;\r\n                }\n<\/style><div class=\"td-block-row\"><div class=\"td-block-span12 tdm-col\">\n<style>\n\/* custom css - generated by TagDiv Composer *\/\nbody .tdi_8 .tdm-title{\r\n\t\t\t\t\tcolor: var(--real-estate-black);\r\n\t\t\t\t}.tdi_8 .tdm-title{\r\n\t\t\t\t\tfont-family:Montserrat !important;font-size:55px !important;line-height:1.3 !important;font-weight:800 !important;\r\n\t\t\t\t}\n\n\/* landscape *\/\n@media (min-width: 1019px) and (max-width: 1140px){\n.tdi_8 .tdm-title{\r\n\t\t\t\t\tfont-size:50px !important;\r\n\t\t\t\t}\n}\n\n\/* portrait *\/\n@media (min-width: 768px) and (max-width: 1018px){\n.tdi_8 .tdm-title{\r\n\t\t\t\t\tfont-size:35px !important;line-height:1.2 !important;\r\n\t\t\t\t}\n}\n\n\/* phone *\/\n@media (max-width: 767px){\n.tdi_8 .tdm-title{\r\n\t\t\t\t\tfont-size:35px !important;line-height:1.2 !important;\r\n\t\t\t\t}\n}\n<\/style><div class=\"tds-title tds-title1 td-fix-index tdi_8 \"><h1 class=\"tdm-title tdm-title-sm\">Normativa<\/h1><\/div><\/div><\/div><\/div><\/div><\/div><\/div><\/div><div id=\"tdi_9\" class=\"tdc-row stretch_row_1400 td-stretch-content\"><div class=\"vc_row tdi_10  wpb_row td-pb-row\" >\n<style scoped>\n\/* custom css - generated by TagDiv Composer *\/\n\n\/* custom css - generated by TagDiv Composer *\/\n.tdi_10,\r\n                .tdi_10 .tdc-columns{\r\n                    min-height: 0;\r\n                }.tdi_10,\r\n\t\t\t\t.tdi_10 .tdc-columns{\r\n\t\t\t\t    display: flex;\r\n\t\t\t\t\r\n\t\t\t\t    flex-direction: row;\r\n\t\t\t\t\r\n\t\t\t\t    flex-wrap: nowrap;\r\n\t\t\t\t\r\n\t\t\t\t    justify-content: flex-start;\r\n\t\t\t\t\r\n\t\t\t\t    align-items: flex-start;\r\n\t\t\t\t}.tdi_10 .tdc-columns{\r\n\t\t\t\t    width: 100%;\r\n\t\t\t\t}.tdi_10:before,\r\n\t\t\t\t.tdi_10:after{\r\n\t\t\t\t    display: none;\r\n\t\t\t\t}@media (min-width: 768px) {\r\n\t                .tdi_10 {\r\n\t                    margin-left: -30px;\r\n\t                    margin-right: -30px;\r\n\t                }\r\n\t                .tdi_10 .tdc-row-video-background-error,\r\n\t                .tdi_10 > .vc_column,\r\n\t                .tdi_10 > .tdc-columns > .vc_column {\r\n\t                    padding-left: 30px;\r\n\t                    padding-right: 30px;\r\n\t                }\r\n                }\n\n\/* landscape *\/\n@media (min-width: 1019px) and (max-width: 1140px){\n@media (min-width: 768px) {\r\n\t                .tdi_10 {\r\n\t                    margin-left: -25px;\r\n\t                    margin-right: -25px;\r\n\t                }\r\n\t                .tdi_10 .tdc-row-video-background-error,\r\n\t                .tdi_10 > .vc_column,\r\n\t                .tdi_10 > .tdc-columns > .vc_column {\r\n\t                    padding-left: 25px;\r\n\t                    padding-right: 25px;\r\n\t                }\r\n                }\n}\n\n\/* portrait *\/\n@media (min-width: 768px) and (max-width: 1018px){\n@media (min-width: 768px) {\r\n\t                .tdi_10 {\r\n\t                    margin-left: -20px;\r\n\t                    margin-right: -20px;\r\n\t                }\r\n\t                .tdi_10 .tdc-row-video-background-error,\r\n\t                .tdi_10 > .vc_column,\r\n\t                .tdi_10 > .tdc-columns > .vc_column {\r\n\t                    padding-left: 20px;\r\n\t                    padding-right: 20px;\r\n\t                }\r\n                }\n}\n\/* inline tdc_css att - generated by TagDiv Composer *\/\n\n.tdi_10{\npadding-top:60px !important;\npadding-bottom:20px !important;\n}\n\n.tdi_10 .td_block_wrap{ text-align:left }\n\n\/* landscape *\/\n@media (min-width: 1019px) and (max-width: 1140px)\n{\n.tdi_10{\npadding-top:100px !important;\npadding-bottom:100px !important;\n}\n}\n\n\/* portrait *\/\n@media (min-width: 768px) and (max-width: 1018px)\n{\n.tdi_10{\npadding-top:80px !important;\npadding-bottom:80px !important;\n}\n}\n\n\/* phone *\/\n@media (max-width: 767px)\n{\n.tdi_10{\npadding-top:60px !important;\npadding-bottom:60px !important;\n}\n}\n\n<\/style><div class=\"vc_column tdi_12  wpb_column vc_column_container tdc-column td-pb-span12\">\n<style scoped>\n\/* custom css - generated by TagDiv Composer *\/\n\n\/* custom css - generated by TagDiv Composer *\/\n.tdi_12{\r\n                    vertical-align: baseline;\r\n                }.tdi_12 > .wpb_wrapper,\r\n\t\t\t\t.tdi_12 > .wpb_wrapper > .tdc-elements{\r\n\t\t\t\t    display: block;\r\n\t\t\t\t}.tdi_12 > .wpb_wrapper > .tdc-elements{\r\n\t\t\t\t    width: 100%;\r\n\t\t\t\t}.tdi_12 > .wpb_wrapper > .vc_row_inner{\r\n\t\t\t\t    width: auto;\r\n\t\t\t\t}.tdi_12 > .wpb_wrapper{\r\n\t\t\t\t    width: auto;\r\n\t\t\t\t    height: auto;\r\n\t\t\t\t}\n\n\/* portrait *\/\n@media (min-width: 768px) and (max-width: 1018px){\ndiv.tdi_12{\r\n\t\t\t\t    width: 30% !important;\r\n\t\t\t\t}\n}\n<\/style><div class=\"wpb_wrapper\" ><div class=\"td_block_wrap td_block_text_with_title tdi_13 tagdiv-type td-pb-border-top td_block_template_4\"  data-td-block-uid=\"tdi_13\" >\n<style>\n.td_block_template_4 .td-block-title {\r\n                font-size: 16px;\r\n                font-weight: 400;\r\n                margin-top: 0;\r\n                margin-bottom: 26px;\r\n                line-height: 31px;\r\n                text-align: left;\r\n            }\r\n            .td_block_template_4 .td-block-title > * {\r\n                background-color: var(--td_header_color, #000);\r\n                color: var(--td_text_header_color, #fff);\r\n                padding: 0 12px;\r\n                position: relative;\r\n            }\r\n            .td_block_template_4 .td-block-title > *:before {\r\n                content: '';\r\n                position: absolute;\r\n                top: 100%;\r\n                left: 10px;\r\n                margin: auto;\r\n                width: 0;\r\n                height: 0;\r\n                border-style: solid;\r\n                border-width: 7px 7px 0 7px;\r\n                border-color: var(--td_header_color, #000) transparent transparent transparent;\r\n            }\r\n            @media (max-width: 767px) {\r\n                .td_block_template_4 .td-related-title a {\r\n                    margin-right: 0;\r\n                    font-size: 15px;\r\n                }\r\n            }\r\n            .td_block_template_4 .td-related-title a:before {\r\n                border-color: transparent !important;\r\n            }\r\n            .td_block_template_4 .td-related-title .td-cur-simple-item {\r\n                background-color: var(--td_theme_color, #4db2ec);\r\n            }\r\n            .td_block_template_4 .td-related-title .td-cur-simple-item:before {\r\n                border-color: var(--td_header_color, var(--td_theme_color, #4db2ec)) transparent transparent transparent !important;\r\n            }\r\n            @-moz-document url-prefix() {\r\n                .td_block_template_4 .td-block-title > * {\r\n                    padding-bottom: 2px;\r\n                }\r\n            }\n<\/style>\n<style>\n\/* custom css - generated by TagDiv Composer *\/\n.td_block_text_with_title{\r\n                  margin-bottom: 44px;\r\n                  -webkit-transform: translateZ(0);\r\n                  transform: translateZ(0);\r\n                }.td_block_text_with_title p:last-child{\r\n                  margin-bottom: 0;\r\n                }.tdi_13 h4{\r\n\t\t\t        font-family:Montserrat !important;font-size:24px !important;font-weight:700 !important;\r\n\t\t        }\n<\/style><div class=\"td-block-title-wrap\"><h2 class=\"td-block-title\"><span class=\"td-pulldown-size\">Libro Geneal\u00f3gico<\/span><\/h2><\/div><div class=\"td_mod_wrap td-fix-index\"><p>El Libro Geneal\u00f3gico de una raza es el instrumento de selecci\u00f3n empleado para mantener la pureza de la misma, a trav\u00e9s del control de los ascendientes y descendientes de los animales inscritos.<\/p>\n<p>En el caso del Libro Geneal\u00f3gico de la Raza Frisona, el control de los ascendientes y descendientes se complementa con los datos de producci\u00f3n que proporciona el Control Lechero Oficial. Por lo tanto, podemos se\u00f1alar que el Registro y el Control Lechero Oficial son dos actividades que se complementan entre s\u00ed, y que no tendr\u00edan sentido, una sin a otra.<\/p>\n<p>En Galicia, los ganaderos de selecci\u00f3n, est\u00e1n estructurados en asociaciones de \u00e1mbito provincial (AFRICOR-PROVINCIAL), que a su vez est\u00e1n entre s\u00ed, Federadas formando la Federaci\u00f3n Frisona Gallega (FEFRIGA), siendo esta \u00faltima que ostenta la representaci\u00f3n y defensa de los intereses de los ganaderos gallegos en el seno de la Confederaci\u00f3n Nacional de Asociaciones de Frisona Espa\u00f1ola (CONAFE).<\/p>\n<\/div><\/div><div class=\"td_block_wrap td_block_text_with_title tdi_14 tagdiv-type td-pb-border-top td_block_template_4\"  data-td-block-uid=\"tdi_14\" >\n<style>\n\/* custom css - generated by TagDiv Composer *\/\n.tdi_14 h4{\r\n\t\t\t        font-family:Montserrat !important;font-size:24px !important;font-weight:700 !important;\r\n\t\t        }\n<\/style><div class=\"td-block-title-wrap\"><h2 class=\"td-block-title\"><span class=\"td-pulldown-size\">Normativa y Documentos<\/span><\/h2><\/div><div class=\"td_mod_wrap td-fix-index\"><p>Real Decreto 368\/2005, de 8 de abril, por el que se regula el control oficial del rendimiento lechero para la evaluaci\u00f3n gen\u00e9tica en las especies bovina, ovina y caprina. SE DICTA DE CONFORMIDAD:<\/p>\n<ul>\n<li>con los anexos I, II, III y IV, y publica instrucciones del Comit\u00e9 Internacional para el Control del Rendimiento Animal: Resoluci\u00f3n de 10 de diciembre de 2020 (Ref. BOE-A-2020-16764).<\/li>\n<li>con los anexos I, II, III y IV, y publica instrucciones para la aplicaci\u00f3n de las recomendaciones del Comit\u00e9 Internacional para el Control del Rendimiento Animal (ICAR): Resoluci\u00f3n de 29 de septiembre de 2020 (Ref. BOE-A-2020-12066).<\/li>\n<\/ul>\n<p>SE MODIFICA el art. 19.1, 4, 7 y 10, por Real Decreto 419\/2015, de 29 de mayo (Ref. BOE-A-2015-6940).<br \/>SE DICTA DE CONFORMIDAD:<\/p>\n<ul>\n<li>con los anexos I, II, III y IV, y publica instrucciones del Comit\u00e9 Internacional para el Control del Rendimiento Animal: Resoluci\u00f3n de 22 de octubre de 2013 (Ref. BOE-A-2013-11578).<\/li>\n<li>con los anexos I, II, III y IV, y publica instrucciones para la aplicaci\u00f3n de las recomendaciones del Comit\u00e9 Internacional para el Control del Rendimiento Animal (ICAR):<\/li>\n<\/ul>\n<p>Resoluci\u00f3n de 29 de junio de 2012 (Ref. BOE-A-2012-9704).<br \/>SE SUSTITUYE los anexos I a IV, por Real Decreto 660\/2012, de 13 de abril (Ref. BOE-A-2012-6188).<br \/>CORRECCI\u00d3N de errores en BOE n\u00fam. 113, de 12 de mayo de 2005 (Ref. BOE-A-2005-7696).<\/p>\n<\/div><\/div><\/div><\/div><\/div><\/div><div id=\"tdi_15\" class=\"tdc-row stretch_row_1400 td-stretch-content\"><div class=\"vc_row tdi_16  wpb_row td-pb-row\" >\n<style scoped>\n\/* custom css - generated by TagDiv Composer *\/\n\n\/* custom css - generated by TagDiv Composer *\/\n.tdi_16,\r\n                .tdi_16 .tdc-columns{\r\n                    min-height: 0;\r\n                }.tdi_16,\r\n\t\t\t\t.tdi_16 .tdc-columns{\r\n\t\t\t\t    display: block;\r\n\t\t\t\t}.tdi_16 .tdc-columns{\r\n\t\t\t\t    width: 100%;\r\n\t\t\t\t}.tdi_16:before,\r\n\t\t\t\t.tdi_16:after{\r\n\t\t\t\t    display: table;\r\n\t\t\t\t}\n\/* inline tdc_css att - generated by TagDiv Composer *\/\n\n.tdi_16{\njustify-content:center !important;\ntext-align:center !important;\n}\n\n.tdi_16 .td_block_wrap{ text-align:left }\n\n<\/style><div class=\"vc_column tdi_18  wpb_column vc_column_container tdc-column td-pb-span12\">\n<style scoped>\n\/* custom css - generated by TagDiv Composer *\/\n\n\/* custom css - generated by TagDiv Composer *\/\n.tdi_18{\r\n                    vertical-align: baseline;\r\n                }.tdi_18 > .wpb_wrapper,\r\n\t\t\t\t.tdi_18 > .wpb_wrapper > .tdc-elements{\r\n\t\t\t\t    display: block;\r\n\t\t\t\t}.tdi_18 > .wpb_wrapper > .tdc-elements{\r\n\t\t\t\t    width: 100%;\r\n\t\t\t\t}.tdi_18 > .wpb_wrapper > .vc_row_inner{\r\n\t\t\t\t    width: auto;\r\n\t\t\t\t}.tdi_18 > .wpb_wrapper{\r\n\t\t\t\t    width: auto;\r\n\t\t\t\t    height: auto;\r\n\t\t\t\t}\n\/* inline tdc_css att - generated by TagDiv Composer *\/\n\n.tdi_18{\npadding-bottom:20px !important;\n}\n\n<\/style><div class=\"wpb_wrapper\" ><div class=\"tdm_block td_block_wrap tdm_block_button tdi_19 tdm-block-button-inline tdm-content-horiz-center td-pb-border-top td_block_template_1\"  data-td-block-uid=\"tdi_19\"     >\n<style>\n\/* custom css - generated by TagDiv Composer *\/\n.tdm_block.tdm_block_button{\r\n                  margin-bottom: 0;\r\n                }.tdm_block.tdm_block_button .tds-button{\r\n                  line-height: 0;\r\n                }.tdm_block.tdm_block_button.tdm-block-button-inline{\r\n                  display: inline-block;\r\n                }.tdm_block.tdm_block_button.tdm-block-button-full,\r\n                .tdm_block.tdm_block_button.tdm-block-button-full .tdm-btn{\r\n                  display: block;\r\n                }\n<\/style>\n<style>\n\/* custom css - generated by TagDiv Composer *\/\n.tdi_20 .tdm-btn-icon:first-child{\r\n\t\t\t\t\tmargin-right: 14px;\r\n\t\t\t\t}.tdi_20{\r\n\t\t\t\t\tfont-family:Montserrat !important;font-weight:700 !important;\r\n\t\t\t\t}\n<\/style><div class=\"tds-button td-fix-index\"><a \r\n                href=\"\/wp-content\/uploads\/2024\/05\/Libro_Genealogico.pdf\" \r\n                aria-label=\"Formato PDF\"\r\n                class=\"tds-button1 tdm-btn tdm-btn-lg tdi_20 \"  target=\"_blank\" ><i class=\"tdm-btn-icon tdc-font-fa tdc-font-fa-file-pdf-o\"><\/i><span class=\"tdm-btn-text\">Reglamento libro geneal\u00f3gico<\/span><\/a><\/div><\/div><div class=\"tdm_block td_block_wrap tdm_block_button tdi_21 tdm-block-button-inline tdm-content-horiz-center td-pb-border-top td_block_template_1\"  data-td-block-uid=\"tdi_21\"     >\n<style>\n\n\/* inline tdc_css att - generated by TagDiv Composer *\/\n\n.tdi_21{\nmargin-left:10px !important;\n}\n\n<\/style>\n<style>\n\/* custom css - generated by TagDiv Composer *\/\n.tdi_22 .tdm-btn-icon:first-child{\r\n\t\t\t\t\tmargin-right: 14px;\r\n\t\t\t\t}.tdi_22{\r\n\t\t\t\t\tfont-family:Montserrat !important;font-weight:700 !important;\r\n\t\t\t\t}\n<\/style><div class=\"tds-button td-fix-index\"><a \r\n                href=\"\/wp-content\/uploads\/2024\/05\/Control_Lechero.pdf\" \r\n                aria-label=\"Formato PDF\"\r\n                class=\"tds-button1 tdm-btn tdm-btn-lg tdi_22 \"  target=\"_blank\" ><i class=\"tdm-btn-icon tdc-font-fa tdc-font-fa-file-pdf-o\"><\/i><span class=\"tdm-btn-text\">Real decreto control lechero<\/span><\/a><\/div><\/div><\/div><\/div><\/div><\/div><\/div><\/div>","protected":false},"excerpt":{"rendered":"","protected":false},"author":1,"featured_media":0,"parent":0,"menu_order":0,"comment_status":"closed","ping_status":"closed","template":"","meta":{"ngg_post_thumbnail":0,"footnotes":"","_links_to":"","_links_to_target":""},"class_list":["post-3533","page","type-page","status-publish"],"yoast_head":"<!-- This site is optimized with the Yoast SEO plugin v27.4 - https:\/\/yoast.com\/product\/yoast-seo-wordpress\/ -->\n<title>Normativa - Fefriga - Federaci\u00f3n Frisona Galega<\/title>\n<meta name=\"description\" content=\"A Federaci\u00f3n Frisona Galega \u00e9 a federaci\u00f3n das catro Asociaci\u00f3ns Provinciais de Control Leiteiro (AFRICOR) de Galicia.\" \/>\n<meta name=\"robots\" content=\"index, follow, max-snippet:-1, max-image-preview:large, max-video-preview:-1\" \/>\n<link rel=\"canonical\" href=\"https:\/\/fefriga.com\/es\/normativa\/\" \/>\n<meta property=\"og:locale\" content=\"es_ES\" \/>\n<meta property=\"og:type\" content=\"article\" \/>\n<meta property=\"og:title\" content=\"Normativa - Fefriga - Federaci\u00f3n Frisona Galega\" \/>\n<meta property=\"og:description\" content=\"A Federaci\u00f3n Frisona Galega \u00e9 a federaci\u00f3n das catro Asociaci\u00f3ns Provinciais de Control Leiteiro (AFRICOR) de Galicia.\" \/>\n<meta property=\"og:url\" content=\"https:\/\/fefriga.com\/es\/normativa\/\" \/>\n<meta property=\"og:site_name\" content=\"Fefriga - Federaci\u00f3n Frisona Galega\" \/>\n<meta property=\"article:modified_time\" content=\"2026-02-27T09:12:27+00:00\" \/>\n<meta name=\"twitter:card\" content=\"summary_large_image\" \/>\n<meta name=\"twitter:label1\" content=\"Tiempo de lectura\" \/>\n\t<meta name=\"twitter:data1\" content=\"3 minutos\" \/>\n<script type=\"application\/ld+json\" class=\"yoast-schema-graph\">{\"@context\":\"https:\\\/\\\/schema.org\",\"@graph\":[{\"@type\":\"WebPage\",\"@id\":\"https:\\\/\\\/fefriga.com\\\/es\\\/normativa\\\/\",\"url\":\"https:\\\/\\\/fefriga.com\\\/es\\\/normativa\\\/\",\"name\":\"Normativa - Fefriga - Federaci\u00f3n Frisona Galega\",\"isPartOf\":{\"@id\":\"https:\\\/\\\/fefriga.com\\\/es\\\/#website\"},\"datePublished\":\"2024-05-24T12:10:44+00:00\",\"dateModified\":\"2026-02-27T09:12:27+00:00\",\"description\":\"A Federaci\u00f3n Frisona Galega \u00e9 a federaci\u00f3n das catro Asociaci\u00f3ns Provinciais de Control Leiteiro (AFRICOR) de Galicia.\",\"breadcrumb\":{\"@id\":\"https:\\\/\\\/fefriga.com\\\/es\\\/normativa\\\/#breadcrumb\"},\"inLanguage\":\"es\",\"potentialAction\":[{\"@type\":\"ReadAction\",\"target\":[\"https:\\\/\\\/fefriga.com\\\/es\\\/normativa\\\/\"]}]},{\"@type\":\"BreadcrumbList\",\"@id\":\"https:\\\/\\\/fefriga.com\\\/es\\\/normativa\\\/#breadcrumb\",\"itemListElement\":[{\"@type\":\"ListItem\",\"position\":1,\"name\":\"Portada\",\"item\":\"https:\\\/\\\/fefriga.com\\\/es\\\/home\\\/\"},{\"@type\":\"ListItem\",\"position\":2,\"name\":\"Normativa\"}]},{\"@type\":\"WebSite\",\"@id\":\"https:\\\/\\\/fefriga.com\\\/es\\\/#website\",\"url\":\"https:\\\/\\\/fefriga.com\\\/es\\\/\",\"name\":\"Fefriga - Federaci\u00f3n Frisona Galega\",\"description\":\"\",\"alternateName\":\"Federaci\u00f3n Frisona Gallega\",\"potentialAction\":[{\"@type\":\"SearchAction\",\"target\":{\"@type\":\"EntryPoint\",\"urlTemplate\":\"https:\\\/\\\/fefriga.com\\\/es\\\/?s={search_term_string}\"},\"query-input\":{\"@type\":\"PropertyValueSpecification\",\"valueRequired\":true,\"valueName\":\"search_term_string\"}}],\"inLanguage\":\"es\"}]}<\/script>\n<!-- \/ Yoast SEO plugin. -->","yoast_head_json":{"title":"Normativa - Fefriga - Federaci\u00f3n Frisona Galega","description":"A Federaci\u00f3n Frisona Galega \u00e9 a federaci\u00f3n das catro Asociaci\u00f3ns Provinciais de Control Leiteiro (AFRICOR) de Galicia.","robots":{"index":"index","follow":"follow","max-snippet":"max-snippet:-1","max-image-preview":"max-image-preview:large","max-video-preview":"max-video-preview:-1"},"canonical":"https:\/\/fefriga.com\/es\/normativa\/","og_locale":"es_ES","og_type":"article","og_title":"Normativa - Fefriga - Federaci\u00f3n Frisona Galega","og_description":"A Federaci\u00f3n Frisona Galega \u00e9 a federaci\u00f3n das catro Asociaci\u00f3ns Provinciais de Control Leiteiro (AFRICOR) de Galicia.","og_url":"https:\/\/fefriga.com\/es\/normativa\/","og_site_name":"Fefriga - Federaci\u00f3n Frisona Galega","article_modified_time":"2026-02-27T09:12:27+00:00","twitter_card":"summary_large_image","twitter_misc":{"Tiempo de lectura":"3 minutos"},"schema":{"@context":"https:\/\/schema.org","@graph":[{"@type":"WebPage","@id":"https:\/\/fefriga.com\/es\/normativa\/","url":"https:\/\/fefriga.com\/es\/normativa\/","name":"Normativa - Fefriga - Federaci\u00f3n Frisona Galega","isPartOf":{"@id":"https:\/\/fefriga.com\/es\/#website"},"datePublished":"2024-05-24T12:10:44+00:00","dateModified":"2026-02-27T09:12:27+00:00","description":"A Federaci\u00f3n Frisona Galega \u00e9 a federaci\u00f3n das catro Asociaci\u00f3ns Provinciais de Control Leiteiro (AFRICOR) de Galicia.","breadcrumb":{"@id":"https:\/\/fefriga.com\/es\/normativa\/#breadcrumb"},"inLanguage":"es","potentialAction":[{"@type":"ReadAction","target":["https:\/\/fefriga.com\/es\/normativa\/"]}]},{"@type":"BreadcrumbList","@id":"https:\/\/fefriga.com\/es\/normativa\/#breadcrumb","itemListElement":[{"@type":"ListItem","position":1,"name":"Portada","item":"https:\/\/fefriga.com\/es\/home\/"},{"@type":"ListItem","position":2,"name":"Normativa"}]},{"@type":"WebSite","@id":"https:\/\/fefriga.com\/es\/#website","url":"https:\/\/fefriga.com\/es\/","name":"Fefriga - Federaci\u00f3n Frisona Galega","description":"","alternateName":"Federaci\u00f3n Frisona Gallega","potentialAction":[{"@type":"SearchAction","target":{"@type":"EntryPoint","urlTemplate":"https:\/\/fefriga.com\/es\/?s={search_term_string}"},"query-input":{"@type":"PropertyValueSpecification","valueRequired":true,"valueName":"search_term_string"}}],"inLanguage":"es"}]}},"_links":{"self":[{"href":"https:\/\/fefriga.com\/es\/wp-json\/wp\/v2\/pages\/3533","targetHints":{"allow":["GET"]}}],"collection":[{"href":"https:\/\/fefriga.com\/es\/wp-json\/wp\/v2\/pages"}],"about":[{"href":"https:\/\/fefriga.com\/es\/wp-json\/wp\/v2\/types\/page"}],"author":[{"embeddable":true,"href":"https:\/\/fefriga.com\/es\/wp-json\/wp\/v2\/users\/1"}],"replies":[{"embeddable":true,"href":"https:\/\/fefriga.com\/es\/wp-json\/wp\/v2\/comments?post=3533"}],"version-history":[{"count":2,"href":"https:\/\/fefriga.com\/es\/wp-json\/wp\/v2\/pages\/3533\/revisions"}],"predecessor-version":[{"id":5576,"href":"https:\/\/fefriga.com\/es\/wp-json\/wp\/v2\/pages\/3533\/revisions\/5576"}],"wp:attachment":[{"href":"https:\/\/fefriga.com\/es\/wp-json\/wp\/v2\/media?parent=3533"}],"curies":[{"name":"wp","href":"https:\/\/api.w.org\/{rel}","templated":true}]}}