{"id":3863,"date":"2024-05-14T14:54:51","date_gmt":"2024-05-14T12:54:51","guid":{"rendered":"https:\/\/w.fefriga.com\/politica-de-privacidade\/"},"modified":"2024-11-11T13:20:35","modified_gmt":"2024-11-11T11:20:35","slug":"aviso-legal-politica-de-privacidad","status":"publish","type":"page","link":"https:\/\/fefriga.com\/es\/aviso-legal-politica-de-privacidad\/","title":{"rendered":"Aviso Legal y Pol\u00edtica de Privacidad"},"content":{"rendered":"<div id=\"tdi_1\" class=\"tdc-zone\"><div class=\"tdc_zone tdi_2  wpb_row td-pb-row\"  >\n<style scoped>\n\/* custom css - generated by TagDiv Composer *\/\n\n\/* custom css - generated by TagDiv Composer *\/\n.tdi_2{\r\n                    min-height: 0;\r\n                }\n<\/style><div id=\"tdi_3\" class=\"tdc-row stretch_row_1400 td-stretch-content\"><div class=\"vc_row tdi_4  wpb_row td-pb-row tdc-element-style\" >\n<style scoped>\n\/* custom css - generated by TagDiv Composer *\/\n\n\/* custom css - generated by TagDiv Composer *\/\n.tdi_4,\r\n                .tdi_4 .tdc-columns{\r\n                    min-height: 0;\r\n                }.tdi_4,\r\n\t\t\t\t.tdi_4 .tdc-columns{\r\n\t\t\t\t    display: block;\r\n\t\t\t\t}.tdi_4 .tdc-columns{\r\n\t\t\t\t    width: 100%;\r\n\t\t\t\t}.tdi_4:before,\r\n\t\t\t\t.tdi_4:after{\r\n\t\t\t\t    display: table;\r\n\t\t\t\t}@media (min-width: 768px) {\r\n\t                .tdi_4 {\r\n\t                    margin-left: -30px;\r\n\t                    margin-right: -30px;\r\n\t                }\r\n\t                .tdi_4 .tdc-row-video-background-error,\r\n\t                .tdi_4 > .vc_column,\r\n\t                .tdi_4 > .tdc-columns > .vc_column {\r\n\t                    padding-left: 30px;\r\n\t                    padding-right: 30px;\r\n\t                }\r\n                }\n\n\/* landscape *\/\n@media (min-width: 1019px) and (max-width: 1140px){\n@media (min-width: 768px) {\r\n\t                .tdi_4 {\r\n\t                    margin-left: -25px;\r\n\t                    margin-right: -25px;\r\n\t                }\r\n\t                .tdi_4 .tdc-row-video-background-error,\r\n\t                .tdi_4 > .vc_column,\r\n\t                .tdi_4 > .tdc-columns > .vc_column {\r\n\t                    padding-left: 25px;\r\n\t                    padding-right: 25px;\r\n\t                }\r\n                }\n}\n\n\/* portrait *\/\n@media (min-width: 768px) and (max-width: 1018px){\n@media (min-width: 768px) {\r\n\t                .tdi_4 {\r\n\t                    margin-left: -20px;\r\n\t                    margin-right: -20px;\r\n\t                }\r\n\t                .tdi_4 .tdc-row-video-background-error,\r\n\t                .tdi_4 > .vc_column,\r\n\t                .tdi_4 > .tdc-columns > .vc_column {\r\n\t                    padding-left: 20px;\r\n\t                    padding-right: 20px;\r\n\t                }\r\n                }\n}\n\/* inline tdc_css att - generated by TagDiv Composer *\/\n\n.tdi_4{\npadding-top:80px !important;\npadding-bottom:80px !important;\nposition:relative;\n}\n\n.tdi_4 .td_block_wrap{ text-align:left }\n\n\/* landscape *\/\n@media (min-width: 1019px) and (max-width: 1140px)\n{\n.tdi_4{\npadding-top:60px !important;\npadding-bottom:60px !important;\n}\n}\n\n\/* portrait *\/\n@media (min-width: 768px) and (max-width: 1018px)\n{\n.tdi_4{\npadding-top:40px !important;\npadding-bottom:40px !important;\n}\n}\n\n\/* phone *\/\n@media (max-width: 767px)\n{\n.tdi_4{\npadding-top:40px !important;\npadding-bottom:40px !important;\n}\n}\n\n<\/style>\n<div class=\"tdi_3_rand_style td-element-style\" ><style>\n\/* custom css - generated by TagDiv Composer *\/\n\n.tdi_3_rand_style{\nbackground-color:#ddf1f8 !important;\n}\n <\/style><\/div><div class=\"vc_column tdi_6  wpb_column vc_column_container tdc-column td-pb-span12\">\n<style scoped>\n\/* custom css - generated by TagDiv Composer *\/\n\n\/* custom css - generated by TagDiv Composer *\/\n.tdi_6{\r\n                    vertical-align: baseline;\r\n                }.tdi_6 > .wpb_wrapper,\r\n\t\t\t\t.tdi_6 > .wpb_wrapper > .tdc-elements{\r\n\t\t\t\t    display: block;\r\n\t\t\t\t}.tdi_6 > .wpb_wrapper > .tdc-elements{\r\n\t\t\t\t    width: 100%;\r\n\t\t\t\t}.tdi_6 > .wpb_wrapper > .vc_row_inner{\r\n\t\t\t\t    width: auto;\r\n\t\t\t\t}.tdi_6 > .wpb_wrapper{\r\n\t\t\t\t    width: auto;\r\n\t\t\t\t    height: auto;\r\n\t\t\t\t}\n<\/style><div class=\"wpb_wrapper\" ><div class=\"tdm_block td_block_wrap tdm_block_column_title tdi_7 tdm-content-horiz-left td-pb-border-top td_block_template_1\"  data-td-block-uid=\"tdi_7\" >\n<style>\n\n\/* inline tdc_css att - generated by TagDiv Composer *\/\n\n.tdi_7{\nmargin-bottom:0px !important;\n}\n\n<\/style>\n<style>\n\/* custom css - generated by TagDiv Composer *\/\n.tdm_block_column_title{\r\n                  margin-bottom: 0;\r\n                  display: inline-block;\r\n                  width: 100%;\r\n                }\n<\/style><div class=\"td-block-row\"><div class=\"td-block-span12 tdm-col\">\n<style>\n\/* custom css - generated by TagDiv Composer *\/\nbody .tdi_8 .tdm-title{\r\n\t\t\t\t\tcolor: var(--real-estate-black);\r\n\t\t\t\t}.tdi_8 .tdm-title{\r\n\t\t\t\t\tfont-family:Montserrat !important;font-size:55px !important;line-height:1.3 !important;font-weight:800 !important;\r\n\t\t\t\t}\n\n\/* landscape *\/\n@media (min-width: 1019px) and (max-width: 1140px){\n.tdi_8 .tdm-title{\r\n\t\t\t\t\tfont-size:50px !important;\r\n\t\t\t\t}\n}\n\n\/* portrait *\/\n@media (min-width: 768px) and (max-width: 1018px){\n.tdi_8 .tdm-title{\r\n\t\t\t\t\tfont-size:35px !important;line-height:1.2 !important;\r\n\t\t\t\t}\n}\n\n\/* phone *\/\n@media (max-width: 767px){\n.tdi_8 .tdm-title{\r\n\t\t\t\t\tfont-size:40px !important;line-height:1.2 !important;\r\n\t\t\t\t}\n}\n<\/style><div class=\"tds-title tds-title1 td-fix-index tdi_8 \"><h2 class=\"tdm-title tdm-title-sm\">Pol\u00edtica de Privacidad<\/h2><\/div><\/div><\/div><\/div><\/div><\/div><\/div><\/div><div id=\"tdi_9\" class=\"tdc-row stretch_row_1400 td-stretch-content\"><div class=\"vc_row tdi_10  wpb_row td-pb-row\" >\n<style scoped>\n\/* custom css - generated by TagDiv Composer *\/\n\n\/* custom css - generated by TagDiv Composer *\/\n.tdi_10,\r\n                .tdi_10 .tdc-columns{\r\n                    min-height: 0;\r\n                }.tdi_10,\r\n\t\t\t\t.tdi_10 .tdc-columns{\r\n\t\t\t\t    display: flex;\r\n\t\t\t\t\r\n\t\t\t\t    flex-direction: row;\r\n\t\t\t\t\r\n\t\t\t\t    flex-wrap: nowrap;\r\n\t\t\t\t\r\n\t\t\t\t    justify-content: flex-start;\r\n\t\t\t\t\r\n\t\t\t\t    align-items: flex-start;\r\n\t\t\t\t}.tdi_10 .tdc-columns{\r\n\t\t\t\t    width: 100%;\r\n\t\t\t\t}.tdi_10:before,\r\n\t\t\t\t.tdi_10:after{\r\n\t\t\t\t    display: none;\r\n\t\t\t\t}@media (min-width: 768px) {\r\n\t                .tdi_10 {\r\n\t                    margin-left: -30px;\r\n\t                    margin-right: -30px;\r\n\t                }\r\n\t                .tdi_10 .tdc-row-video-background-error,\r\n\t                .tdi_10 > .vc_column,\r\n\t                .tdi_10 > .tdc-columns > .vc_column {\r\n\t                    padding-left: 30px;\r\n\t                    padding-right: 30px;\r\n\t                }\r\n                }\n\n\/* landscape *\/\n@media (min-width: 1019px) and (max-width: 1140px){\n@media (min-width: 768px) {\r\n\t                .tdi_10 {\r\n\t                    margin-left: -25px;\r\n\t                    margin-right: -25px;\r\n\t                }\r\n\t                .tdi_10 .tdc-row-video-background-error,\r\n\t                .tdi_10 > .vc_column,\r\n\t                .tdi_10 > .tdc-columns > .vc_column {\r\n\t                    padding-left: 25px;\r\n\t                    padding-right: 25px;\r\n\t                }\r\n                }\n}\n\n\/* portrait *\/\n@media (min-width: 768px) and (max-width: 1018px){\n@media (min-width: 768px) {\r\n\t                .tdi_10 {\r\n\t                    margin-left: -20px;\r\n\t                    margin-right: -20px;\r\n\t                }\r\n\t                .tdi_10 .tdc-row-video-background-error,\r\n\t                .tdi_10 > .vc_column,\r\n\t                .tdi_10 > .tdc-columns > .vc_column {\r\n\t                    padding-left: 20px;\r\n\t                    padding-right: 20px;\r\n\t                }\r\n                }\n}\n\/* inline tdc_css att - generated by TagDiv Composer *\/\n\n.tdi_10{\npadding-top:60px !important;\npadding-bottom:60px !important;\n}\n\n.tdi_10 .td_block_wrap{ text-align:left }\n\n\/* landscape *\/\n@media (min-width: 1019px) and (max-width: 1140px)\n{\n.tdi_10{\npadding-top:100px !important;\npadding-bottom:100px !important;\n}\n}\n\n\/* portrait *\/\n@media (min-width: 768px) and (max-width: 1018px)\n{\n.tdi_10{\npadding-top:80px !important;\npadding-bottom:80px !important;\n}\n}\n\n\/* phone *\/\n@media (max-width: 767px)\n{\n.tdi_10{\npadding-top:60px !important;\npadding-bottom:60px !important;\n}\n}\n\n<\/style><div class=\"vc_column tdi_12  wpb_column vc_column_container tdc-column td-pb-span12\">\n<style scoped>\n\/* custom css - generated by TagDiv Composer *\/\n\n\/* custom css - generated by TagDiv Composer *\/\n.tdi_12{\r\n                    vertical-align: baseline;\r\n                }.tdi_12 > .wpb_wrapper,\r\n\t\t\t\t.tdi_12 > .wpb_wrapper > .tdc-elements{\r\n\t\t\t\t    display: block;\r\n\t\t\t\t}.tdi_12 > .wpb_wrapper > .tdc-elements{\r\n\t\t\t\t    width: 100%;\r\n\t\t\t\t}.tdi_12 > .wpb_wrapper > .vc_row_inner{\r\n\t\t\t\t    width: auto;\r\n\t\t\t\t}.tdi_12 > .wpb_wrapper{\r\n\t\t\t\t    width: auto;\r\n\t\t\t\t    height: auto;\r\n\t\t\t\t}\n\n\/* portrait *\/\n@media (min-width: 768px) and (max-width: 1018px){\ndiv.tdi_12{\r\n\t\t\t\t    width: 100% !important;\r\n\t\t\t\t}\n}\n<\/style><div class=\"wpb_wrapper\" ><div class=\"td_block_wrap td_block_text_with_title tdi_13 tagdiv-type td-pb-border-top td_block_template_1\"  data-td-block-uid=\"tdi_13\" >\n<style>\n\/* custom css - generated by TagDiv Composer *\/\n.td_block_text_with_title{\r\n                  margin-bottom: 44px;\r\n                  -webkit-transform: translateZ(0);\r\n                  transform: translateZ(0);\r\n                }.td_block_text_with_title p:last-child{\r\n                  margin-bottom: 0;\r\n                }.tdi_13,\r\n                .tdi_13 p{\r\n\t\t\t        font-family:Montserrat !important;\r\n\t\t        }.tdi_13 h2{\r\n\t\t\t        font-family:Montserrat !important;\r\n\t\t        }\n<\/style><div class=\"td-block-title-wrap\"><\/div><div class=\"td_mod_wrap td-fix-index\"><h2><strong>AVISO LEGAL Y POL\u00cdTICA DE PRIVACIDAD<\/strong><\/h2>\n<p><strong>FEDERACI\u00d3N FRISONA GALLEGA<\/strong> en cumplimiento de la Ley 34\/2002, de 11 de julio, de Servicios de la Sociedad de la Informaci\u00f3n y de Comercio Electr\u00f3nico, le informa:<\/p>\n<ul>\n<li>Su denominaci\u00f3n social es FEDERACI\u00d3N FRISONA GALLEGA<\/li>\n<li>Su NIF es V15320112<\/li>\n<li>Su direcci\u00f3n se ubica en la Calle Melide 25-27 Bajo, 15705 Santiago de Compostela (A Coru\u00f1a)<\/li>\n<li>Su tel\u00e9fono de contacto es 981573879<\/li>\n<li>Est\u00e1 inscrita en el Registro de Asociaciones con num. 2020\/000263-2\u00aa.<\/li>\n<li>Y dispone de la siguiente direcci\u00f3n de correo electr\u00f3nico de contacto: fefriga@fefriga.com<\/li>\n<\/ul>\n<p><strong>PROTECCI\u00d3N DE DATOS PERSONALES<\/strong><br \/>Los datos personales vinculados la esta web respetan las exigencias del Reglamento (UE) 2016\/679 del Parlamento Europeo y del Consejo de 27 de abril de 2016 relativo a la protecci\u00f3n de las personas f\u00edsicas en el que respeta al tratamiento de datos personales y a la libre circulaci\u00f3n de estos datos y dem\u00e1s legislaci\u00f3n y normativa vigente en materia de protecci\u00f3n de datos.<\/p>\n<p><strong>\u00bfQui\u00e9n es el Responsable del tratamiento?<\/strong><br \/>FEDERACI\u00d3N FRISONA GALLEGA<br \/><strong>NIF:<\/strong> V15320112<br \/><strong>Direcci\u00f3n:<\/strong> R\u00faa Melide 25-27 Bajo, 15705 Santiago de Compostela (A Coru\u00f1a)<br \/><strong>Correo electr\u00f3nico:<\/strong> fefriga@fefriga.com<\/p>\n<p><strong>Con que finalidad tratamos sus datos personales?<\/strong><br \/>Tratamos sus datos con la finalidad de gestionar el env\u00edo de la informaci\u00f3n solicitada a trav\u00e9s de la direcci\u00f3n de contacto indicado en nuestra web.<\/p>\n<p><strong>\u00bfDurante cuanto tiempo conservaremos sus datos personales?<\/strong><br \/>Los datos personales proporcionados ser\u00e1n conservados durante el tiempo que resulte preciso para alcanzar la finalidad con la que fueron recabados y\/o no se solicite su supresi\u00f3n por el interesado, as\u00ed como para atender las responsabilidades que se hab\u00edan podido derivar y de #cualquier otra exigencia legal.<\/p>\n<p><strong>\u00bfCu\u00e1l es la legitimaci\u00f3n para el tratamiento de sus datos?<\/strong><br \/>Podemos tratar sus datos porque tenemos un inter\u00e9s leg\u00edtimo en atender a las comunicaciones necesarias para poder llevar a cabo nuestra actividad.<\/p>\n<p><strong>\u00bfLa que destinatarios se comunicar\u00e1n sus datos?<\/strong><br \/>No se realizar\u00e1n comunicaciones de datos a terceros.<\/p>\n<p><strong>\u00bfSe realizar\u00e1 transferencia de datos a terceros pa\u00edses?<\/strong><br \/>No se van a producir Transferencias Internacionales de datos.<\/p>\n<p><strong>\u00bfCu\u00e1les son sus derechos cuando nos facilita sus datos personales?<\/strong><\/p>\n<ul>\n<li>Acceso: derecho a obtener confirmaci\u00f3n sobre se estamos tratando datos personales suyos o no, a saber, cu\u00e1les son, para que se usan, cuanto tiempo se van a guardar, el origen de los mismos y se se comunicaron o se van a comunicar la un tercero.<\/li>\n<li>Rectificaci\u00f3n: derecho a solicitar la rectificaci\u00f3n de los datos inexactos y la que se completen los datos personales incompletos.<\/li>\n<li>Supresi\u00f3n: derecho a solicitar la supresi\u00f3n de los datos de car\u00e1cter personal cuando sean inadecuados, excesivos o ya no sean precisos para los fines para los que fueron recogidos, incluido el derecho al olvido.<\/li>\n<li>Oposici\u00f3n: derecho a oponerse, en determinadas circunstancias, la que se realice el tratamiento de sus datos personales o a solicitar que se cese en el tratamiento.<\/li>\n<li>Limitaci\u00f3n del Tratamiento: derecho a solicitar, en las circunstancias establecidas legalmente, que no se traten sus datos m\u00e1s all\u00e1 de la mera conservaci\u00f3n de los mismos.<\/li>\n<li>Portabilidade: derecho a recibir los datos de car\u00e1cter personal en un formato estructurado, de uso com\u00fan y lectura mec\u00e1nica, y poder transmitirlos la otro responsable, siempre que sea t\u00e9cnicamente posible.<\/li>\n<\/ul>\n<p><strong>\u00bfTendr\u00e1 la posibilidad de retirar el consentimiento?<\/strong><br \/>Tendr\u00e1 la posibilidad y el derecho de retirar su consentimiento para cualquier finalidad espec\u00edfica otorgada en su momento, sin que afecte a la licitude del tratamiento basado en el consentimiento previo su retirada.<\/p>\n<p><strong>\u00bfDonde podr\u00e1 ejercitar sus derechos?<\/strong><br \/>El ejercicio de derechos deber\u00e1 efectuarse por escrito adxuntando fotocopia de su documento identificador, y dirigirla a la direcci\u00f3n anteriormente citada. Asimismo, ponemos su disposici\u00f3n modelos para su ejercicio, que pueden recogerse en nuestras instalaciones. Para m\u00e1s informaci\u00f3n: <a href=\"https:\/\/www.aepd.es\" target=\"_blank\" rel=\"noopener\">www.aepd.es<\/a><\/p>\n<p>Derecho de reclamaci\u00f3n ante la Autoridad de Control: En caso de que no se hubieran respetado sus derechos puede presentar una reclamaci\u00f3n dirigi\u00e9ndose por escrito a la Agencia Espa\u00f1ola de Protecci\u00f3n de Datos sita en la calle Jorge Juan, 6-28001-Madrid o utilizar la sede electr\u00f3nica: <a href=\"https:\/\/sedeagpd.gob.es\" target=\"_blank\" rel=\"noopener\">https:\/\/sedeagpd.gob.es<\/a>.<br \/>En ambos casos, deber\u00e1 acompa\u00f1ar la documentaci\u00f3n pertinente.<\/p>\n<\/div><\/div><\/div><\/div><\/div><\/div><\/div><\/div>","protected":false},"excerpt":{"rendered":"","protected":false},"author":1,"featured_media":0,"parent":0,"menu_order":0,"comment_status":"closed","ping_status":"closed","template":"","meta":{"ngg_post_thumbnail":0,"footnotes":"","_links_to":"","_links_to_target":""},"class_list":["post-3863","page","type-page","status-publish"],"yoast_head":"<!-- This site is optimized with the Yoast SEO plugin v27.4 - https:\/\/yoast.com\/product\/yoast-seo-wordpress\/ -->\n<title>Aviso Legal y Pol\u00edtica de Privacidad - Fefriga - Federaci\u00f3n Frisona Galega<\/title>\n<meta name=\"description\" content=\"A Federaci\u00f3n Frisona Galega \u00e9 a federaci\u00f3n das catro Asociaci\u00f3ns Provinciais de Control Leiteiro (AFRICOR) de Galicia.\" \/>\n<meta name=\"robots\" content=\"index, follow, max-snippet:-1, max-image-preview:large, max-video-preview:-1\" \/>\n<link rel=\"canonical\" href=\"https:\/\/fefriga.com\/es\/aviso-legal-politica-de-privacidad\/\" \/>\n<meta property=\"og:locale\" content=\"es_ES\" \/>\n<meta property=\"og:type\" content=\"article\" \/>\n<meta property=\"og:title\" content=\"Aviso Legal y Pol\u00edtica de Privacidad - Fefriga - Federaci\u00f3n Frisona Galega\" \/>\n<meta property=\"og:description\" content=\"A Federaci\u00f3n Frisona Galega \u00e9 a federaci\u00f3n das catro Asociaci\u00f3ns Provinciais de Control Leiteiro (AFRICOR) de Galicia.\" \/>\n<meta property=\"og:url\" content=\"https:\/\/fefriga.com\/es\/aviso-legal-politica-de-privacidad\/\" \/>\n<meta property=\"og:site_name\" content=\"Fefriga - Federaci\u00f3n Frisona Galega\" \/>\n<meta property=\"article:modified_time\" content=\"2024-11-11T11:20:35+00:00\" \/>\n<meta name=\"twitter:card\" content=\"summary_large_image\" \/>\n<meta name=\"twitter:label1\" content=\"Tiempo de lectura\" \/>\n\t<meta name=\"twitter:data1\" content=\"5 minutos\" \/>\n<script type=\"application\/ld+json\" class=\"yoast-schema-graph\">{\"@context\":\"https:\\\/\\\/schema.org\",\"@graph\":[{\"@type\":\"WebPage\",\"@id\":\"https:\\\/\\\/fefriga.com\\\/es\\\/aviso-legal-politica-de-privacidad\\\/\",\"url\":\"https:\\\/\\\/fefriga.com\\\/es\\\/aviso-legal-politica-de-privacidad\\\/\",\"name\":\"Aviso Legal y Pol\u00edtica de Privacidad - Fefriga - Federaci\u00f3n Frisona Galega\",\"isPartOf\":{\"@id\":\"https:\\\/\\\/fefriga.com\\\/es\\\/#website\"},\"datePublished\":\"2024-05-14T12:54:51+00:00\",\"dateModified\":\"2024-11-11T11:20:35+00:00\",\"description\":\"A Federaci\u00f3n Frisona Galega \u00e9 a federaci\u00f3n das catro Asociaci\u00f3ns Provinciais de Control Leiteiro (AFRICOR) de Galicia.\",\"breadcrumb\":{\"@id\":\"https:\\\/\\\/fefriga.com\\\/es\\\/aviso-legal-politica-de-privacidad\\\/#breadcrumb\"},\"inLanguage\":\"es\",\"potentialAction\":[{\"@type\":\"ReadAction\",\"target\":[\"https:\\\/\\\/fefriga.com\\\/es\\\/aviso-legal-politica-de-privacidad\\\/\"]}]},{\"@type\":\"BreadcrumbList\",\"@id\":\"https:\\\/\\\/fefriga.com\\\/es\\\/aviso-legal-politica-de-privacidad\\\/#breadcrumb\",\"itemListElement\":[{\"@type\":\"ListItem\",\"position\":1,\"name\":\"Portada\",\"item\":\"https:\\\/\\\/fefriga.com\\\/es\\\/home\\\/\"},{\"@type\":\"ListItem\",\"position\":2,\"name\":\"Aviso Legal y Pol\u00edtica de Privacidad\"}]},{\"@type\":\"WebSite\",\"@id\":\"https:\\\/\\\/fefriga.com\\\/es\\\/#website\",\"url\":\"https:\\\/\\\/fefriga.com\\\/es\\\/\",\"name\":\"Fefriga - Federaci\u00f3n Frisona Galega\",\"description\":\"\",\"alternateName\":\"Federaci\u00f3n Frisona Gallega\",\"potentialAction\":[{\"@type\":\"SearchAction\",\"target\":{\"@type\":\"EntryPoint\",\"urlTemplate\":\"https:\\\/\\\/fefriga.com\\\/es\\\/?s={search_term_string}\"},\"query-input\":{\"@type\":\"PropertyValueSpecification\",\"valueRequired\":true,\"valueName\":\"search_term_string\"}}],\"inLanguage\":\"es\"}]}<\/script>\n<!-- \/ Yoast SEO plugin. -->","yoast_head_json":{"title":"Aviso Legal y Pol\u00edtica de Privacidad - Fefriga - Federaci\u00f3n Frisona Galega","description":"A Federaci\u00f3n Frisona Galega \u00e9 a federaci\u00f3n das catro Asociaci\u00f3ns Provinciais de Control Leiteiro (AFRICOR) de Galicia.","robots":{"index":"index","follow":"follow","max-snippet":"max-snippet:-1","max-image-preview":"max-image-preview:large","max-video-preview":"max-video-preview:-1"},"canonical":"https:\/\/fefriga.com\/es\/aviso-legal-politica-de-privacidad\/","og_locale":"es_ES","og_type":"article","og_title":"Aviso Legal y Pol\u00edtica de Privacidad - Fefriga - Federaci\u00f3n Frisona Galega","og_description":"A Federaci\u00f3n Frisona Galega \u00e9 a federaci\u00f3n das catro Asociaci\u00f3ns Provinciais de Control Leiteiro (AFRICOR) de Galicia.","og_url":"https:\/\/fefriga.com\/es\/aviso-legal-politica-de-privacidad\/","og_site_name":"Fefriga - Federaci\u00f3n Frisona Galega","article_modified_time":"2024-11-11T11:20:35+00:00","twitter_card":"summary_large_image","twitter_misc":{"Tiempo de lectura":"5 minutos"},"schema":{"@context":"https:\/\/schema.org","@graph":[{"@type":"WebPage","@id":"https:\/\/fefriga.com\/es\/aviso-legal-politica-de-privacidad\/","url":"https:\/\/fefriga.com\/es\/aviso-legal-politica-de-privacidad\/","name":"Aviso Legal y Pol\u00edtica de Privacidad - Fefriga - Federaci\u00f3n Frisona Galega","isPartOf":{"@id":"https:\/\/fefriga.com\/es\/#website"},"datePublished":"2024-05-14T12:54:51+00:00","dateModified":"2024-11-11T11:20:35+00:00","description":"A Federaci\u00f3n Frisona Galega \u00e9 a federaci\u00f3n das catro Asociaci\u00f3ns Provinciais de Control Leiteiro (AFRICOR) de Galicia.","breadcrumb":{"@id":"https:\/\/fefriga.com\/es\/aviso-legal-politica-de-privacidad\/#breadcrumb"},"inLanguage":"es","potentialAction":[{"@type":"ReadAction","target":["https:\/\/fefriga.com\/es\/aviso-legal-politica-de-privacidad\/"]}]},{"@type":"BreadcrumbList","@id":"https:\/\/fefriga.com\/es\/aviso-legal-politica-de-privacidad\/#breadcrumb","itemListElement":[{"@type":"ListItem","position":1,"name":"Portada","item":"https:\/\/fefriga.com\/es\/home\/"},{"@type":"ListItem","position":2,"name":"Aviso Legal y Pol\u00edtica de Privacidad"}]},{"@type":"WebSite","@id":"https:\/\/fefriga.com\/es\/#website","url":"https:\/\/fefriga.com\/es\/","name":"Fefriga - Federaci\u00f3n Frisona Galega","description":"","alternateName":"Federaci\u00f3n Frisona Gallega","potentialAction":[{"@type":"SearchAction","target":{"@type":"EntryPoint","urlTemplate":"https:\/\/fefriga.com\/es\/?s={search_term_string}"},"query-input":{"@type":"PropertyValueSpecification","valueRequired":true,"valueName":"search_term_string"}}],"inLanguage":"es"}]}},"_links":{"self":[{"href":"https:\/\/fefriga.com\/es\/wp-json\/wp\/v2\/pages\/3863","targetHints":{"allow":["GET"]}}],"collection":[{"href":"https:\/\/fefriga.com\/es\/wp-json\/wp\/v2\/pages"}],"about":[{"href":"https:\/\/fefriga.com\/es\/wp-json\/wp\/v2\/types\/page"}],"author":[{"embeddable":true,"href":"https:\/\/fefriga.com\/es\/wp-json\/wp\/v2\/users\/1"}],"replies":[{"embeddable":true,"href":"https:\/\/fefriga.com\/es\/wp-json\/wp\/v2\/comments?post=3863"}],"version-history":[{"count":0,"href":"https:\/\/fefriga.com\/es\/wp-json\/wp\/v2\/pages\/3863\/revisions"}],"wp:attachment":[{"href":"https:\/\/fefriga.com\/es\/wp-json\/wp\/v2\/media?parent=3863"}],"curies":[{"name":"wp","href":"https:\/\/api.w.org\/{rel}","templated":true}]}}