{"id":3865,"date":"2024-05-15T09:02:59","date_gmt":"2024-05-15T07:02:59","guid":{"rendered":"https:\/\/w.fefriga.com\/cookies\/"},"modified":"2024-10-28T14:15:16","modified_gmt":"2024-10-28T12:15:16","slug":"cookies","status":"publish","type":"page","link":"https:\/\/fefriga.com\/es\/cookies\/","title":{"rendered":"Cookies"},"content":{"rendered":"<div id=\"tdi_1\" class=\"tdc-zone\"><div class=\"tdc_zone tdi_2  wpb_row td-pb-row\"  >\n<style scoped>\n\/* custom css - generated by TagDiv Composer *\/\n\n\/* custom css - generated by TagDiv Composer *\/\n.tdi_2{\r\n                    min-height: 0;\r\n                }\n<\/style><div id=\"tdi_3\" class=\"tdc-row stretch_row_1400 td-stretch-content\"><div class=\"vc_row tdi_4  wpb_row td-pb-row tdc-element-style\" >\n<style scoped>\n\/* custom css - generated by TagDiv Composer *\/\n\n\/* custom css - generated by TagDiv Composer *\/\n.tdi_4,\r\n                .tdi_4 .tdc-columns{\r\n                    min-height: 0;\r\n                }.tdi_4,\r\n\t\t\t\t.tdi_4 .tdc-columns{\r\n\t\t\t\t    display: block;\r\n\t\t\t\t}.tdi_4 .tdc-columns{\r\n\t\t\t\t    width: 100%;\r\n\t\t\t\t}.tdi_4:before,\r\n\t\t\t\t.tdi_4:after{\r\n\t\t\t\t    display: table;\r\n\t\t\t\t}@media (min-width: 768px) {\r\n\t                .tdi_4 {\r\n\t                    margin-left: -30px;\r\n\t                    margin-right: -30px;\r\n\t                }\r\n\t                .tdi_4 .tdc-row-video-background-error,\r\n\t                .tdi_4 > .vc_column,\r\n\t                .tdi_4 > .tdc-columns > .vc_column {\r\n\t                    padding-left: 30px;\r\n\t                    padding-right: 30px;\r\n\t                }\r\n                }\n\n\/* landscape *\/\n@media (min-width: 1019px) and (max-width: 1140px){\n@media (min-width: 768px) {\r\n\t                .tdi_4 {\r\n\t                    margin-left: -25px;\r\n\t                    margin-right: -25px;\r\n\t                }\r\n\t                .tdi_4 .tdc-row-video-background-error,\r\n\t                .tdi_4 > .vc_column,\r\n\t                .tdi_4 > .tdc-columns > .vc_column {\r\n\t                    padding-left: 25px;\r\n\t                    padding-right: 25px;\r\n\t                }\r\n                }\n}\n\n\/* portrait *\/\n@media (min-width: 768px) and (max-width: 1018px){\n@media (min-width: 768px) {\r\n\t                .tdi_4 {\r\n\t                    margin-left: -20px;\r\n\t                    margin-right: -20px;\r\n\t                }\r\n\t                .tdi_4 .tdc-row-video-background-error,\r\n\t                .tdi_4 > .vc_column,\r\n\t                .tdi_4 > .tdc-columns > .vc_column {\r\n\t                    padding-left: 20px;\r\n\t                    padding-right: 20px;\r\n\t                }\r\n                }\n}\n\/* inline tdc_css att - generated by TagDiv Composer *\/\n\n.tdi_4{\npadding-top:80px !important;\npadding-bottom:80px !important;\nposition:relative;\n}\n\n.tdi_4 .td_block_wrap{ text-align:left }\n\n\/* landscape *\/\n@media (min-width: 1019px) and (max-width: 1140px)\n{\n.tdi_4{\npadding-top:60px !important;\npadding-bottom:60px !important;\n}\n}\n\n\/* portrait *\/\n@media (min-width: 768px) and (max-width: 1018px)\n{\n.tdi_4{\npadding-top:40px !important;\npadding-bottom:40px !important;\n}\n}\n\n\/* phone *\/\n@media (max-width: 767px)\n{\n.tdi_4{\npadding-top:40px !important;\npadding-bottom:40px !important;\n}\n}\n\n<\/style>\n<div class=\"tdi_3_rand_style td-element-style\" ><style>\n\/* custom css - generated by TagDiv Composer *\/\n\n.tdi_3_rand_style{\nbackground-color:#ddf1f8 !important;\n}\n <\/style><\/div><div class=\"vc_column tdi_6  wpb_column vc_column_container tdc-column td-pb-span12\">\n<style scoped>\n\/* custom css - generated by TagDiv Composer *\/\n\n\/* custom css - generated by TagDiv Composer *\/\n.tdi_6{\r\n                    vertical-align: baseline;\r\n                }.tdi_6 > .wpb_wrapper,\r\n\t\t\t\t.tdi_6 > .wpb_wrapper > .tdc-elements{\r\n\t\t\t\t    display: block;\r\n\t\t\t\t}.tdi_6 > .wpb_wrapper > .tdc-elements{\r\n\t\t\t\t    width: 100%;\r\n\t\t\t\t}.tdi_6 > .wpb_wrapper > .vc_row_inner{\r\n\t\t\t\t    width: auto;\r\n\t\t\t\t}.tdi_6 > .wpb_wrapper{\r\n\t\t\t\t    width: auto;\r\n\t\t\t\t    height: auto;\r\n\t\t\t\t}\n<\/style><div class=\"wpb_wrapper\" ><div class=\"tdm_block td_block_wrap tdm_block_column_title tdi_7 tdm-content-horiz-left td-pb-border-top td_block_template_1\"  data-td-block-uid=\"tdi_7\" >\n<style>\n\n\/* inline tdc_css att - generated by TagDiv Composer *\/\n\n.tdi_7{\nmargin-bottom:0px !important;\n}\n\n<\/style>\n<style>\n\/* custom css - generated by TagDiv Composer *\/\n.tdm_block_column_title{\r\n                  margin-bottom: 0;\r\n                  display: inline-block;\r\n                  width: 100%;\r\n                }\n<\/style><div class=\"td-block-row\"><div class=\"td-block-span12 tdm-col\">\n<style>\n\/* custom css - generated by TagDiv Composer *\/\nbody .tdi_8 .tdm-title{\r\n\t\t\t\t\tcolor: var(--real-estate-black);\r\n\t\t\t\t}.tdi_8 .tdm-title{\r\n\t\t\t\t\tfont-family:Montserrat !important;font-size:55px !important;line-height:1.3 !important;font-weight:800 !important;\r\n\t\t\t\t}\n\n\/* landscape *\/\n@media (min-width: 1019px) and (max-width: 1140px){\n.tdi_8 .tdm-title{\r\n\t\t\t\t\tfont-size:50px !important;\r\n\t\t\t\t}\n}\n\n\/* portrait *\/\n@media (min-width: 768px) and (max-width: 1018px){\n.tdi_8 .tdm-title{\r\n\t\t\t\t\tfont-size:35px !important;line-height:1.2 !important;\r\n\t\t\t\t}\n}\n\n\/* phone *\/\n@media (max-width: 767px){\n.tdi_8 .tdm-title{\r\n\t\t\t\t\tfont-size:40px !important;line-height:1.2 !important;\r\n\t\t\t\t}\n}\n<\/style><div class=\"tds-title tds-title1 td-fix-index tdi_8 \"><h2 class=\"tdm-title tdm-title-sm\">Cookies<\/h2><\/div><\/div><\/div><\/div><\/div><\/div><\/div><\/div><div id=\"tdi_9\" class=\"tdc-row stretch_row_1400 td-stretch-content\"><div class=\"vc_row tdi_10  wpb_row td-pb-row\" >\n<style scoped>\n\/* custom css - generated by TagDiv Composer *\/\n\n\/* custom css - generated by TagDiv Composer *\/\n.tdi_10,\r\n                .tdi_10 .tdc-columns{\r\n                    min-height: 0;\r\n                }.tdi_10,\r\n\t\t\t\t.tdi_10 .tdc-columns{\r\n\t\t\t\t    display: flex;\r\n\t\t\t\t\r\n\t\t\t\t    flex-direction: row;\r\n\t\t\t\t\r\n\t\t\t\t    flex-wrap: nowrap;\r\n\t\t\t\t\r\n\t\t\t\t    justify-content: flex-start;\r\n\t\t\t\t\r\n\t\t\t\t    align-items: flex-start;\r\n\t\t\t\t}.tdi_10 .tdc-columns{\r\n\t\t\t\t    width: 100%;\r\n\t\t\t\t}.tdi_10:before,\r\n\t\t\t\t.tdi_10:after{\r\n\t\t\t\t    display: none;\r\n\t\t\t\t}@media (min-width: 768px) {\r\n\t                .tdi_10 {\r\n\t                    margin-left: -30px;\r\n\t                    margin-right: -30px;\r\n\t                }\r\n\t                .tdi_10 .tdc-row-video-background-error,\r\n\t                .tdi_10 > .vc_column,\r\n\t                .tdi_10 > .tdc-columns > .vc_column {\r\n\t                    padding-left: 30px;\r\n\t                    padding-right: 30px;\r\n\t                }\r\n                }\n\n\/* landscape *\/\n@media (min-width: 1019px) and (max-width: 1140px){\n@media (min-width: 768px) {\r\n\t                .tdi_10 {\r\n\t                    margin-left: -25px;\r\n\t                    margin-right: -25px;\r\n\t                }\r\n\t                .tdi_10 .tdc-row-video-background-error,\r\n\t                .tdi_10 > .vc_column,\r\n\t                .tdi_10 > .tdc-columns > .vc_column {\r\n\t                    padding-left: 25px;\r\n\t                    padding-right: 25px;\r\n\t                }\r\n                }\n}\n\n\/* portrait *\/\n@media (min-width: 768px) and (max-width: 1018px){\n@media (min-width: 768px) {\r\n\t                .tdi_10 {\r\n\t                    margin-left: -20px;\r\n\t                    margin-right: -20px;\r\n\t                }\r\n\t                .tdi_10 .tdc-row-video-background-error,\r\n\t                .tdi_10 > .vc_column,\r\n\t                .tdi_10 > .tdc-columns > .vc_column {\r\n\t                    padding-left: 20px;\r\n\t                    padding-right: 20px;\r\n\t                }\r\n                }\n}\n\/* inline tdc_css att - generated by TagDiv Composer *\/\n\n.tdi_10{\npadding-top:60px !important;\npadding-bottom:60px !important;\n}\n\n.tdi_10 .td_block_wrap{ text-align:left }\n\n\/* landscape *\/\n@media (min-width: 1019px) and (max-width: 1140px)\n{\n.tdi_10{\npadding-top:100px !important;\npadding-bottom:100px !important;\n}\n}\n\n\/* portrait *\/\n@media (min-width: 768px) and (max-width: 1018px)\n{\n.tdi_10{\npadding-top:80px !important;\npadding-bottom:80px !important;\n}\n}\n\n\/* phone *\/\n@media (max-width: 767px)\n{\n.tdi_10{\npadding-top:60px !important;\npadding-bottom:60px !important;\n}\n}\n\n<\/style><div class=\"vc_column tdi_12  wpb_column vc_column_container tdc-column td-pb-span12\">\n<style scoped>\n\/* custom css - generated by TagDiv Composer *\/\n\n\/* custom css - generated by TagDiv Composer *\/\n.tdi_12{\r\n                    vertical-align: baseline;\r\n                }.tdi_12 > .wpb_wrapper,\r\n\t\t\t\t.tdi_12 > .wpb_wrapper > .tdc-elements{\r\n\t\t\t\t    display: block;\r\n\t\t\t\t}.tdi_12 > .wpb_wrapper > .tdc-elements{\r\n\t\t\t\t    width: 100%;\r\n\t\t\t\t}.tdi_12 > .wpb_wrapper > .vc_row_inner{\r\n\t\t\t\t    width: auto;\r\n\t\t\t\t}.tdi_12 > .wpb_wrapper{\r\n\t\t\t\t    width: auto;\r\n\t\t\t\t    height: auto;\r\n\t\t\t\t}\n\n\/* portrait *\/\n@media (min-width: 768px) and (max-width: 1018px){\ndiv.tdi_12{\r\n\t\t\t\t    width: 30% !important;\r\n\t\t\t\t}\n}\n<\/style><div class=\"wpb_wrapper\" ><div class=\"td_block_wrap td_block_text_with_title tdi_13 tagdiv-type td-pb-border-top td_block_template_1\"  data-td-block-uid=\"tdi_13\" >\n<style>\n\/* custom css - generated by TagDiv Composer *\/\n.td_block_text_with_title{\r\n                  margin-bottom: 44px;\r\n                  -webkit-transform: translateZ(0);\r\n                  transform: translateZ(0);\r\n                }.td_block_text_with_title p:last-child{\r\n                  margin-bottom: 0;\r\n                }.tdi_13,\r\n                .tdi_13 p{\r\n\t\t\t        font-family:Montserrat !important;\r\n\t\t        }.tdi_13 h2{\r\n\t\t\t        font-family:Montserrat !important;\r\n\t\t        }.tdi_13 h3{\r\n\t\t\t        font-family:Montserrat !important;\r\n\t\t        }.tdi_13 h4{\r\n\t\t\t        font-family:Montserrat !important;\r\n\t\t        }.tdi_13 h5{\r\n\t\t\t        font-family:Montserrat !important;\r\n\t\t        }.tdi_13 h6{\r\n\t\t\t        font-family:Montserrat !important;\r\n\t\t        }.tdi_13 li{\r\n\t\t\t        font-family:Montserrat !important;\r\n\t\t        }\n<\/style><div class=\"td-block-title-wrap\"><\/div><div class=\"td_mod_wrap td-fix-index\"><h2><strong>\u00bfQu\u00e9 son las Cookies?<\/strong><\/h2>\n<p>Una cookie es un fichero que se descarga en su dispositivo al acceder a determinadas p\u00e1ginas web. Las cookies permiten gestionar el acceso de usuarios a zonas restringidas, el almacenamiento y recuperaci\u00f3n de informaci\u00f3n sobre los h\u00e1bitos de navegaci\u00f3n del usuario o del dispositivo, etc.<\/p>\n<p><strong>\u00bfQu\u00e9 cookies se utilizan en la web, con qu\u00e9 finalidad y cu\u00e1nto tiempo se conservan?<\/strong><br \/>A continuaci\u00f3n, relacionamos todas las cookies que utilizamos en nuestra web. Es probable que, en funci\u00f3n de c\u00f3mo est\u00e9 configurado su navegador, se le muestren menos.<br \/><strong>1. Cookies t\u00e9cnicas o necesarias:<\/strong><br \/>Estas cookies son esenciales para proveer los servicios disponibles en nuestra web y para permitir la utilizaci\u00f3n de algunas caracter\u00edsticas de la misma.<br \/><strong>2. Cookies de an\u00e1lisis o medici\u00f3n:<\/strong><br \/>Estas cookies se utilizan para la medici\u00f3n de la actividad de los sitios web, aplicaci\u00f3n o plataforma, con el fin de introducir mejoras en funci\u00f3n del an\u00e1lisis de los datos de uso que hacen los usuarios del servicio.<br \/><strong>\u00bfPor qu\u00e9 podemos usar las cookies?<\/strong><br \/>Las cookies necesarias se encuentran fuera del \u00e1mbito de aplicaci\u00f3n de la Ley 34\/2002, de 11 de julio, de servicios de la sociedad de la informaci\u00f3n y de comercio electr\u00f3nico por lo que no tiene opci\u00f3n de dar ni de retirar su consentimiento, podremos usar el resto de cookies en caso de que nos lo preste expresamente.<\/p>\n<p><strong>\u00bfTiene la posibilidad de retirar el consentimiento?<\/strong><br \/>Tiene la posibilidad y el derecho de retirar su consentimiento para el uso de las cookies que no sean necesarias. Puede hacerlo en cualquier momento a trav\u00e9s del widget habilitado al efecto.<br \/><strong>\u00bfComo puedo desactivar o eliminar las Cookies?<\/strong><br \/>Puede permitir, bloquear o eliminar las cookies instaladas en su dispositivo mediante la configuraci\u00f3n de las opciones del navegador. En los siguientes enlaces encontrar\u00e1 informaci\u00f3n adicional sobre las opciones de configuraci\u00f3n de las cookies para distintos navegadores.<br \/>Internet Explorer: <a href=\"https:\/\/support.microsoft.com\/es-es\/topic\/c%C3%B3mo-eliminar-archivos-de-cookies-en-internet-explorer-bca9446f-d873-78de-77ba-d42645fa52fc\">https:\/\/support.microsoft.com\/es-es\/topic\/c%C3%B3mo-eliminar-archivos-de-cookies-en-internet-explorer-bca9446f-d873-78de-77ba-d42645fa52fc<\/a><br \/>GoogleChrome: <a href=\"https:\/\/support.google.com\/chrome\/answer\/95647?co=GENIE.Platform%3DDesktop&#038;hl=es\">https:\/\/support.google.com\/chrome\/answer\/95647?co=GENIE.Platform%3DDesktop&#038;hl=es<\/a><br \/>Firefox:<a href=\"https:\/\/support.mozilla.org\/es\/kb\/Deshabilitar%20cookies%20de%20terceros\">https:\/\/support.mozilla.org\/es\/kb\/Deshabilitar%20cookies%20de%20terceros<\/a><br \/>Safari: <a href=\"https:\/\/support.apple.com\/es-es\/guide\/safari\/sfri11471\/mac\">https:\/\/support.apple.com\/es-es\/guide\/safari\/sfri11471\/mac<\/a><\/p>\n<p><strong>\u00bfSe realizar\u00e1n transferencias de sus datos a terceros pa\u00edses?<\/strong><br \/>Las cookies de terceros pueden estar almacenadas en servidores situados fuera del Espacio Econ\u00f3mico Europeo. Puede obtener m\u00e1s informaci\u00f3n sobre estas cookies a trav\u00e9s de Pol\u00edtica de Privacidad de Google Analytics. y Facebook.<br \/>En el caso de Google\/YouTube la URL es:<br \/><a href=\"https:\/\/policies.google.com\/technologies\/cookies?hl=es\">https:\/\/policies.google.com\/technologies\/cookies?hl=es<\/a><br \/>En el caso de Facebook la URL es:<br \/><a href=\"https:\/\/es-es.facebook.com\/policies\/cookies\/\">https:\/\/es-es.facebook.com\/policies\/cookies\/<\/a><br \/>En el caso de Vimeo la URL es:<br \/><a href=\"https:\/\/vimeo.com\/enterpriseterms\/dpa\">https:\/\/vimeo.com\/enterpriseterms\/dpa<\/a><br \/>En el caso de Tripadvisor la URL es:<br \/><a href=\"https:\/\/tripadvisor.mediaroom.com\/ES-privacy-policy-2019\">https:\/\/tripadvisor.mediaroom.com\/ES-privacy-policy-2019<\/a><\/p>\n<p><strong>\u00bfD\u00f3nde puede obtener m\u00e1s informaci\u00f3n relativa al tratamiento de sus datos?<\/strong><br \/>Si desea obtener m\u00e1s informaci\u00f3n sobre quien es el responsable del tratamiento de sus datos, sobre cu\u00e1les son sus derechos y c\u00f3mo ejercitarlos, puede hacerlo a trav\u00e9s de nuestra <a href=\"https:\/\/fefriga.com\/privacidade.asp\">Pol\u00edtica de Privacidad.<\/a><\/p>\n<p><script type=\"text\/javascript\" charset=\"UTF-8\" data-cookiescriptreport=\"report\" src=\"\/\/report.cookie-script.com\/r\/c9305ddcecc8ae63891e48b0fba1abfe.js\"><\/script><\/p>\n<\/div><\/div><\/div><\/div><\/div><\/div><\/div><\/div>","protected":false},"excerpt":{"rendered":"","protected":false},"author":1,"featured_media":0,"parent":0,"menu_order":0,"comment_status":"closed","ping_status":"closed","template":"","meta":{"ngg_post_thumbnail":0,"footnotes":"","_links_to":"","_links_to_target":""},"class_list":["post-3865","page","type-page","status-publish"],"yoast_head":"<!-- This site is optimized with the Yoast SEO plugin v27.4 - https:\/\/yoast.com\/product\/yoast-seo-wordpress\/ -->\n<title>Cookies - Fefriga - Federaci\u00f3n Frisona Galega<\/title>\n<meta name=\"description\" content=\"A Federaci\u00f3n Frisona Galega \u00e9 a federaci\u00f3n das catro Asociaci\u00f3ns Provinciais de Control Leiteiro (AFRICOR) de Galicia.\" \/>\n<meta name=\"robots\" content=\"index, follow, max-snippet:-1, max-image-preview:large, max-video-preview:-1\" \/>\n<link rel=\"canonical\" href=\"https:\/\/fefriga.com\/es\/cookies\/\" \/>\n<meta property=\"og:locale\" content=\"es_ES\" \/>\n<meta property=\"og:type\" content=\"article\" \/>\n<meta property=\"og:title\" content=\"Cookies - Fefriga - Federaci\u00f3n Frisona Galega\" \/>\n<meta property=\"og:description\" content=\"A Federaci\u00f3n Frisona Galega \u00e9 a federaci\u00f3n das catro Asociaci\u00f3ns Provinciais de Control Leiteiro (AFRICOR) de Galicia.\" \/>\n<meta property=\"og:url\" content=\"https:\/\/fefriga.com\/es\/cookies\/\" \/>\n<meta property=\"og:site_name\" content=\"Fefriga - Federaci\u00f3n Frisona Galega\" \/>\n<meta property=\"article:modified_time\" content=\"2024-10-28T12:15:16+00:00\" \/>\n<meta name=\"twitter:card\" content=\"summary_large_image\" \/>\n<meta name=\"twitter:label1\" content=\"Tiempo de lectura\" \/>\n\t<meta name=\"twitter:data1\" content=\"4 minutos\" \/>\n<script type=\"application\/ld+json\" class=\"yoast-schema-graph\">{\"@context\":\"https:\\\/\\\/schema.org\",\"@graph\":[{\"@type\":\"WebPage\",\"@id\":\"https:\\\/\\\/fefriga.com\\\/es\\\/cookies\\\/\",\"url\":\"https:\\\/\\\/fefriga.com\\\/es\\\/cookies\\\/\",\"name\":\"Cookies - Fefriga - Federaci\u00f3n Frisona Galega\",\"isPartOf\":{\"@id\":\"https:\\\/\\\/fefriga.com\\\/es\\\/#website\"},\"datePublished\":\"2024-05-15T07:02:59+00:00\",\"dateModified\":\"2024-10-28T12:15:16+00:00\",\"description\":\"A Federaci\u00f3n Frisona Galega \u00e9 a federaci\u00f3n das catro Asociaci\u00f3ns Provinciais de Control Leiteiro (AFRICOR) de Galicia.\",\"breadcrumb\":{\"@id\":\"https:\\\/\\\/fefriga.com\\\/es\\\/cookies\\\/#breadcrumb\"},\"inLanguage\":\"es\",\"potentialAction\":[{\"@type\":\"ReadAction\",\"target\":[\"https:\\\/\\\/fefriga.com\\\/es\\\/cookies\\\/\"]}]},{\"@type\":\"BreadcrumbList\",\"@id\":\"https:\\\/\\\/fefriga.com\\\/es\\\/cookies\\\/#breadcrumb\",\"itemListElement\":[{\"@type\":\"ListItem\",\"position\":1,\"name\":\"Portada\",\"item\":\"https:\\\/\\\/fefriga.com\\\/es\\\/home\\\/\"},{\"@type\":\"ListItem\",\"position\":2,\"name\":\"Cookies\"}]},{\"@type\":\"WebSite\",\"@id\":\"https:\\\/\\\/fefriga.com\\\/es\\\/#website\",\"url\":\"https:\\\/\\\/fefriga.com\\\/es\\\/\",\"name\":\"Fefriga - Federaci\u00f3n Frisona Galega\",\"description\":\"\",\"alternateName\":\"Federaci\u00f3n Frisona Gallega\",\"potentialAction\":[{\"@type\":\"SearchAction\",\"target\":{\"@type\":\"EntryPoint\",\"urlTemplate\":\"https:\\\/\\\/fefriga.com\\\/es\\\/?s={search_term_string}\"},\"query-input\":{\"@type\":\"PropertyValueSpecification\",\"valueRequired\":true,\"valueName\":\"search_term_string\"}}],\"inLanguage\":\"es\"}]}<\/script>\n<!-- \/ Yoast SEO plugin. -->","yoast_head_json":{"title":"Cookies - Fefriga - Federaci\u00f3n Frisona Galega","description":"A Federaci\u00f3n Frisona Galega \u00e9 a federaci\u00f3n das catro Asociaci\u00f3ns Provinciais de Control Leiteiro (AFRICOR) de Galicia.","robots":{"index":"index","follow":"follow","max-snippet":"max-snippet:-1","max-image-preview":"max-image-preview:large","max-video-preview":"max-video-preview:-1"},"canonical":"https:\/\/fefriga.com\/es\/cookies\/","og_locale":"es_ES","og_type":"article","og_title":"Cookies - Fefriga - Federaci\u00f3n Frisona Galega","og_description":"A Federaci\u00f3n Frisona Galega \u00e9 a federaci\u00f3n das catro Asociaci\u00f3ns Provinciais de Control Leiteiro (AFRICOR) de Galicia.","og_url":"https:\/\/fefriga.com\/es\/cookies\/","og_site_name":"Fefriga - Federaci\u00f3n Frisona Galega","article_modified_time":"2024-10-28T12:15:16+00:00","twitter_card":"summary_large_image","twitter_misc":{"Tiempo de lectura":"4 minutos"},"schema":{"@context":"https:\/\/schema.org","@graph":[{"@type":"WebPage","@id":"https:\/\/fefriga.com\/es\/cookies\/","url":"https:\/\/fefriga.com\/es\/cookies\/","name":"Cookies - Fefriga - Federaci\u00f3n Frisona Galega","isPartOf":{"@id":"https:\/\/fefriga.com\/es\/#website"},"datePublished":"2024-05-15T07:02:59+00:00","dateModified":"2024-10-28T12:15:16+00:00","description":"A Federaci\u00f3n Frisona Galega \u00e9 a federaci\u00f3n das catro Asociaci\u00f3ns Provinciais de Control Leiteiro (AFRICOR) de Galicia.","breadcrumb":{"@id":"https:\/\/fefriga.com\/es\/cookies\/#breadcrumb"},"inLanguage":"es","potentialAction":[{"@type":"ReadAction","target":["https:\/\/fefriga.com\/es\/cookies\/"]}]},{"@type":"BreadcrumbList","@id":"https:\/\/fefriga.com\/es\/cookies\/#breadcrumb","itemListElement":[{"@type":"ListItem","position":1,"name":"Portada","item":"https:\/\/fefriga.com\/es\/home\/"},{"@type":"ListItem","position":2,"name":"Cookies"}]},{"@type":"WebSite","@id":"https:\/\/fefriga.com\/es\/#website","url":"https:\/\/fefriga.com\/es\/","name":"Fefriga - Federaci\u00f3n Frisona Galega","description":"","alternateName":"Federaci\u00f3n Frisona Gallega","potentialAction":[{"@type":"SearchAction","target":{"@type":"EntryPoint","urlTemplate":"https:\/\/fefriga.com\/es\/?s={search_term_string}"},"query-input":{"@type":"PropertyValueSpecification","valueRequired":true,"valueName":"search_term_string"}}],"inLanguage":"es"}]}},"_links":{"self":[{"href":"https:\/\/fefriga.com\/es\/wp-json\/wp\/v2\/pages\/3865","targetHints":{"allow":["GET"]}}],"collection":[{"href":"https:\/\/fefriga.com\/es\/wp-json\/wp\/v2\/pages"}],"about":[{"href":"https:\/\/fefriga.com\/es\/wp-json\/wp\/v2\/types\/page"}],"author":[{"embeddable":true,"href":"https:\/\/fefriga.com\/es\/wp-json\/wp\/v2\/users\/1"}],"replies":[{"embeddable":true,"href":"https:\/\/fefriga.com\/es\/wp-json\/wp\/v2\/comments?post=3865"}],"version-history":[{"count":0,"href":"https:\/\/fefriga.com\/es\/wp-json\/wp\/v2\/pages\/3865\/revisions"}],"wp:attachment":[{"href":"https:\/\/fefriga.com\/es\/wp-json\/wp\/v2\/media?parent=3865"}],"curies":[{"name":"wp","href":"https:\/\/api.w.org\/{rel}","templated":true}]}}